{"id":532,"date":"2026-04-27T12:24:11","date_gmt":"2026-04-27T10:24:11","guid":{"rendered":"https:\/\/piscinistes-charente-maritime.fr\/blog\/?page_id=532"},"modified":"2026-04-27T12:25:13","modified_gmt":"2026-04-27T10:25:13","slug":"plan-de-site","status":"publish","type":"page","link":"https:\/\/piscinistes-charente-maritime.fr\/blog\/plan-de-site\/","title":{"rendered":"Plan du site"},"content":{"rendered":"\n<p><strong><div class=\"wsp-container\"><h2 class=\"wsp-pages-title\">Pages<\/h2>\n<ul class=\"wsp-pages-list\">\n<li class=\"page_item page-item-532\"><a href=\"https:\/\/piscinistes-charente-maritime.fr\/blog\/plan-de-site\/\">Plan du site<\/a><\/li>\n<\/ul>\n<h2 class=\"wsp-posts-title\">Articles par cat\u00e9gorie<\/h2>\n<ul class=\"wsp-posts-list\">\n\t<li><strong class=\"wsp-category-title\">Cat\u00e9gorie\u00a0: <a href=\"https:\/\/piscinistes-charente-maritime.fr\/blog\/category\/construire-piscine\/\">Construire sa piscine<\/a><\/strong>\n<ul class=\"wsp-posts-list\">\t\t<li class=\"wsp-post\"><a href=\"https:\/\/piscinistes-charente-maritime.fr\/blog\/comment-construire-piscine-lagon\/\">Comment construire une piscine lagon ?<\/a><\/li>\n<\/ul><\/li>\n\t<li><strong class=\"wsp-category-title\">Cat\u00e9gorie\u00a0: <a href=\"https:\/\/piscinistes-charente-maritime.fr\/blog\/category\/entretien-piscine\/\">Entretenir sa piscine<\/a><\/strong>\n<ul class=\"wsp-posts-list\">\t\t<li class=\"wsp-post\"><a href=\"https:\/\/piscinistes-charente-maritime.fr\/blog\/pourquoi-ph-piscine-baisse\/\">Pourquoi le pH de ma piscine baisse-t-il ?<\/a><\/li>\n\t\t<li class=\"wsp-post\"><a href=\"https:\/\/piscinistes-charente-maritime.fr\/blog\/piscine-hivernage-actif-passif\/\">Hivernage actif ou passif : quelle m\u00e9thode choisir pour votre piscine ?<\/a><\/li>\n\t\t<li class=\"wsp-post\"><a href=\"https:\/\/piscinistes-charente-maritime.fr\/blog\/amenager-coin-spa-interieur\/\">Comment am\u00e9nager un coin spa int\u00e9rieur chez soi ?<\/a><\/li>\n\t\t<li class=\"wsp-post\"><a href=\"https:\/\/piscinistes-charente-maritime.fr\/blog\/brome-oxygene-actif\/\">Brome et oxyg\u00e8ne actif : comment traiter l&#039;eau de votre spa ?<\/a><\/li>\n\t\t<li class=\"wsp-post\"><a href=\"https:\/\/piscinistes-charente-maritime.fr\/blog\/probleme-moquette-pierre\/\">Probl\u00e8me avec votre moquette de pierre : causes et solutions efficaces ?<\/a><\/li>\n\t\t<li class=\"wsp-post\"><a href=\"https:\/\/piscinistes-charente-maritime.fr\/blog\/calcul-dosage-chlore-choc-piscine\/\">Quel dosage de chlore choc pour votre piscine ?<\/a><\/li>\n\t\t<li class=\"wsp-post\"><a href=\"https:\/\/piscinistes-charente-maritime.fr\/blog\/couverture-piscine-automatique\/\">Couverture de piscine automatique : comment bien la choisir ?<\/a><\/li>\n\t\t<li class=\"wsp-post\"><a href=\"https:\/\/piscinistes-charente-maritime.fr\/blog\/dosage-automatique-chlore-piscine\/\">Le dosage automatique du chlore pour piscine : comment \u00e7a marche ?<\/a><\/li>\n\t\t<li class=\"wsp-post\"><a href=\"https:\/\/piscinistes-charente-maritime.fr\/blog\/dosage-eau-javel-piscine-verte\/\">Quelle dose d&#039;eau de javel pour traiter une piscine verte ?<\/a><\/li>\n\t\t<li class=\"wsp-post\"><a href=\"https:\/\/piscinistes-charente-maritime.fr\/blog\/comment-lire-bandelette-test-piscine\/\">Comment lire une bandelette test piscine ?<\/a><\/li>\n\t\t<li class=\"wsp-post\"><a href=\"https:\/\/piscinistes-charente-maritime.fr\/blog\/solution-hivernage-sonde-ph\/\">Comment prot\u00e9ger sa sonde pH pendant l&#039;hivernage ?<\/a><\/li>\n\t\t<li class=\"wsp-post\"><a href=\"https:\/\/piscinistes-charente-maritime.fr\/blog\/position-vanne-bonde-fond-piscine\/\">Position vanne bonde de fond piscine : quelle est la bonne configuration ?<\/a><\/li>\n<\/ul><\/li>\n<\/ul>\n<\/div><\/strong><\/p>\n","protected":false},"excerpt":{"rendered":"","protected":false},"author":1,"featured_media":0,"parent":0,"menu_order":0,"comment_status":"closed","ping_status":"closed","template":"","meta":{"_kadence_starter_templates_imported_post":false,"_kad_post_transparent":"","_kad_post_title":"","_kad_post_layout":"","_kad_post_sidebar_id":"","_kad_post_content_style":"","_kad_post_vertical_padding":"","_kad_post_feature":"","_kad_post_feature_position":"","_kad_post_header":false,"_kad_post_footer":false,"_kad_post_classname":"","footnotes":""},"class_list":["post-532","page","type-page","status-publish","hentry"],"yoast_head":"<!-- This site is optimized with the Yoast SEO plugin v27.4 - https:\/\/yoast.com\/product\/yoast-seo-wordpress\/ -->\n<title>Plan du site Le Blog de Piscinistes Charente-Maritime<\/title>\n<meta name=\"description\" content=\"Voici le plan du site Le Blog de Piscinistes Charente-Maritime\" \/>\n<meta name=\"robots\" content=\"index, follow, max-snippet:-1, max-image-preview:large, max-video-preview:-1\" \/>\n<link rel=\"canonical\" href=\"https:\/\/piscinistes-charente-maritime.fr\/blog\/plan-de-site\/\" \/>\n<meta property=\"og:locale\" content=\"fr_FR\" \/>\n<meta property=\"og:type\" content=\"article\" \/>\n<meta property=\"og:title\" content=\"Plan du site Le Blog de Piscinistes Charente-Maritime\" \/>\n<meta property=\"og:description\" content=\"Voici le plan du site Le Blog de Piscinistes Charente-Maritime\" \/>\n<meta property=\"og:url\" content=\"https:\/\/piscinistes-charente-maritime.fr\/blog\/plan-de-site\/\" \/>\n<meta property=\"og:site_name\" content=\"Le Blog de Piscinistes Charente-Maritime\" \/>\n<meta property=\"article:modified_time\" content=\"2026-04-27T10:25:13+00:00\" \/>\n<meta name=\"twitter:card\" content=\"summary_large_image\" \/>\n<script type=\"application\/ld+json\" class=\"yoast-schema-graph\">{\"@context\":\"https:\\\/\\\/schema.org\",\"@graph\":[{\"@type\":\"WebPage\",\"@id\":\"https:\\\/\\\/piscinistes-charente-maritime.fr\\\/blog\\\/plan-de-site\\\/\",\"url\":\"https:\\\/\\\/piscinistes-charente-maritime.fr\\\/blog\\\/plan-de-site\\\/\",\"name\":\"Plan du site Le Blog de Piscinistes Charente-Maritime\",\"isPartOf\":{\"@id\":\"https:\\\/\\\/piscinistes-charente-maritime.fr\\\/blog\\\/#website\"},\"datePublished\":\"2026-04-27T10:24:11+00:00\",\"dateModified\":\"2026-04-27T10:25:13+00:00\",\"description\":\"Voici le plan du site Le Blog de Piscinistes Charente-Maritime\",\"breadcrumb\":{\"@id\":\"https:\\\/\\\/piscinistes-charente-maritime.fr\\\/blog\\\/plan-de-site\\\/#breadcrumb\"},\"inLanguage\":\"fr-FR\",\"potentialAction\":[{\"@type\":\"ReadAction\",\"target\":[\"https:\\\/\\\/piscinistes-charente-maritime.fr\\\/blog\\\/plan-de-site\\\/\"]}]},{\"@type\":\"BreadcrumbList\",\"@id\":\"https:\\\/\\\/piscinistes-charente-maritime.fr\\\/blog\\\/plan-de-site\\\/#breadcrumb\",\"itemListElement\":[{\"@type\":\"ListItem\",\"position\":1,\"name\":\"Accueil\",\"item\":\"https:\\\/\\\/piscinistes-charente-maritime.fr\\\/blog\\\/\"},{\"@type\":\"ListItem\",\"position\":2,\"name\":\"Plan du site\"}]},{\"@type\":\"WebSite\",\"@id\":\"https:\\\/\\\/piscinistes-charente-maritime.fr\\\/blog\\\/#website\",\"url\":\"https:\\\/\\\/piscinistes-charente-maritime.fr\\\/blog\\\/\",\"name\":\"Le Blog de Piscinistes Charente-Maritime\",\"description\":\"Toutes les actualit\u00e9s pour construire, \u00e9quiper, r\u00e9nover et profiter de sa piscine en Charente Maritime\",\"publisher\":{\"@id\":\"https:\\\/\\\/piscinistes-charente-maritime.fr\\\/blog\\\/#organization\"},\"potentialAction\":[{\"@type\":\"SearchAction\",\"target\":{\"@type\":\"EntryPoint\",\"urlTemplate\":\"https:\\\/\\\/piscinistes-charente-maritime.fr\\\/blog\\\/?s={search_term_string}\"},\"query-input\":{\"@type\":\"PropertyValueSpecification\",\"valueRequired\":true,\"valueName\":\"search_term_string\"}}],\"inLanguage\":\"fr-FR\"},{\"@type\":\"Organization\",\"@id\":\"https:\\\/\\\/piscinistes-charente-maritime.fr\\\/blog\\\/#organization\",\"name\":\"Le Blog de Piscinistes Charente-Maritime\",\"url\":\"https:\\\/\\\/piscinistes-charente-maritime.fr\\\/blog\\\/\",\"logo\":{\"@type\":\"ImageObject\",\"inLanguage\":\"fr-FR\",\"@id\":\"https:\\\/\\\/piscinistes-charente-maritime.fr\\\/blog\\\/#\\\/schema\\\/logo\\\/image\\\/\",\"url\":\"https:\\\/\\\/piscinistes-charente-maritime.fr\\\/blog\\\/wp-content\\\/uploads\\\/2022\\\/03\\\/Hungry-Photographer-1.png\",\"contentUrl\":\"https:\\\/\\\/piscinistes-charente-maritime.fr\\\/blog\\\/wp-content\\\/uploads\\\/2022\\\/03\\\/Hungry-Photographer-1.png\",\"width\":500,\"height\":500,\"caption\":\"Le Blog de Piscinistes Charente-Maritime\"},\"image\":{\"@id\":\"https:\\\/\\\/piscinistes-charente-maritime.fr\\\/blog\\\/#\\\/schema\\\/logo\\\/image\\\/\"}}]}<\/script>\n<!-- \/ Yoast SEO plugin. -->","yoast_head_json":{"title":"Plan du site Le Blog de Piscinistes Charente-Maritime","description":"Voici le plan du site Le Blog de Piscinistes Charente-Maritime","robots":{"index":"index","follow":"follow","max-snippet":"max-snippet:-1","max-image-preview":"max-image-preview:large","max-video-preview":"max-video-preview:-1"},"canonical":"https:\/\/piscinistes-charente-maritime.fr\/blog\/plan-de-site\/","og_locale":"fr_FR","og_type":"article","og_title":"Plan du site Le Blog de Piscinistes Charente-Maritime","og_description":"Voici le plan du site Le Blog de Piscinistes Charente-Maritime","og_url":"https:\/\/piscinistes-charente-maritime.fr\/blog\/plan-de-site\/","og_site_name":"Le Blog de Piscinistes Charente-Maritime","article_modified_time":"2026-04-27T10:25:13+00:00","twitter_card":"summary_large_image","schema":{"@context":"https:\/\/schema.org","@graph":[{"@type":"WebPage","@id":"https:\/\/piscinistes-charente-maritime.fr\/blog\/plan-de-site\/","url":"https:\/\/piscinistes-charente-maritime.fr\/blog\/plan-de-site\/","name":"Plan du site Le Blog de Piscinistes Charente-Maritime","isPartOf":{"@id":"https:\/\/piscinistes-charente-maritime.fr\/blog\/#website"},"datePublished":"2026-04-27T10:24:11+00:00","dateModified":"2026-04-27T10:25:13+00:00","description":"Voici le plan du site Le Blog de Piscinistes Charente-Maritime","breadcrumb":{"@id":"https:\/\/piscinistes-charente-maritime.fr\/blog\/plan-de-site\/#breadcrumb"},"inLanguage":"fr-FR","potentialAction":[{"@type":"ReadAction","target":["https:\/\/piscinistes-charente-maritime.fr\/blog\/plan-de-site\/"]}]},{"@type":"BreadcrumbList","@id":"https:\/\/piscinistes-charente-maritime.fr\/blog\/plan-de-site\/#breadcrumb","itemListElement":[{"@type":"ListItem","position":1,"name":"Accueil","item":"https:\/\/piscinistes-charente-maritime.fr\/blog\/"},{"@type":"ListItem","position":2,"name":"Plan du site"}]},{"@type":"WebSite","@id":"https:\/\/piscinistes-charente-maritime.fr\/blog\/#website","url":"https:\/\/piscinistes-charente-maritime.fr\/blog\/","name":"Le Blog de Piscinistes Charente-Maritime","description":"Toutes les actualit\u00e9s pour construire, \u00e9quiper, r\u00e9nover et profiter de sa piscine en Charente Maritime","publisher":{"@id":"https:\/\/piscinistes-charente-maritime.fr\/blog\/#organization"},"potentialAction":[{"@type":"SearchAction","target":{"@type":"EntryPoint","urlTemplate":"https:\/\/piscinistes-charente-maritime.fr\/blog\/?s={search_term_string}"},"query-input":{"@type":"PropertyValueSpecification","valueRequired":true,"valueName":"search_term_string"}}],"inLanguage":"fr-FR"},{"@type":"Organization","@id":"https:\/\/piscinistes-charente-maritime.fr\/blog\/#organization","name":"Le Blog de Piscinistes Charente-Maritime","url":"https:\/\/piscinistes-charente-maritime.fr\/blog\/","logo":{"@type":"ImageObject","inLanguage":"fr-FR","@id":"https:\/\/piscinistes-charente-maritime.fr\/blog\/#\/schema\/logo\/image\/","url":"https:\/\/piscinistes-charente-maritime.fr\/blog\/wp-content\/uploads\/2022\/03\/Hungry-Photographer-1.png","contentUrl":"https:\/\/piscinistes-charente-maritime.fr\/blog\/wp-content\/uploads\/2022\/03\/Hungry-Photographer-1.png","width":500,"height":500,"caption":"Le Blog de Piscinistes Charente-Maritime"},"image":{"@id":"https:\/\/piscinistes-charente-maritime.fr\/blog\/#\/schema\/logo\/image\/"}}]}},"_links":{"self":[{"href":"https:\/\/piscinistes-charente-maritime.fr\/blog\/wp-json\/wp\/v2\/pages\/532","targetHints":{"allow":["GET"]}}],"collection":[{"href":"https:\/\/piscinistes-charente-maritime.fr\/blog\/wp-json\/wp\/v2\/pages"}],"about":[{"href":"https:\/\/piscinistes-charente-maritime.fr\/blog\/wp-json\/wp\/v2\/types\/page"}],"author":[{"embeddable":true,"href":"https:\/\/piscinistes-charente-maritime.fr\/blog\/wp-json\/wp\/v2\/users\/1"}],"replies":[{"embeddable":true,"href":"https:\/\/piscinistes-charente-maritime.fr\/blog\/wp-json\/wp\/v2\/comments?post=532"}],"version-history":[{"count":2,"href":"https:\/\/piscinistes-charente-maritime.fr\/blog\/wp-json\/wp\/v2\/pages\/532\/revisions"}],"predecessor-version":[{"id":534,"href":"https:\/\/piscinistes-charente-maritime.fr\/blog\/wp-json\/wp\/v2\/pages\/532\/revisions\/534"}],"wp:attachment":[{"href":"https:\/\/piscinistes-charente-maritime.fr\/blog\/wp-json\/wp\/v2\/media?parent=532"}],"curies":[{"name":"wp","href":"https:\/\/api.w.org\/{rel}","templated":true}]}}